{"id":22,"date":"2025-08-17T13:16:15","date_gmt":"2025-08-17T13:16:15","guid":{"rendered":"http:\/\/www.gulyaskunyho.local\/?page_id=22"},"modified":"2025-08-18T08:52:07","modified_gmt":"2025-08-18T08:52:07","slug":"contact","status":"publish","type":"page","link":"https:\/\/gulyaskunyho.com\/en\/kapcsolat\/","title":{"rendered":"Contact"},"content":{"rendered":"<div data-elementor-type=\"wp-page\" data-elementor-id=\"22\" class=\"elementor elementor-22\" data-elementor-post-type=\"page\">\n\t\t\t\t<div class=\"elementor-element elementor-element-911fdba e-flex e-con-boxed e-con e-parent\" data-id=\"911fdba\" data-element_type=\"container\" data-e-type=\"container\" data-settings=\"{&quot;background_background&quot;:&quot;classic&quot;}\">\n\t\t\t\t\t<div class=\"e-con-inner\">\n\t\t<div class=\"elementor-element elementor-element-b1c83c8 e-con-full e-flex e-con e-child\" data-id=\"b1c83c8\" data-element_type=\"container\" data-e-type=\"container\">\n\t\t\t\t<div class=\"elementor-element elementor-element-abce5ae elementor-widget elementor-widget-heading\" data-id=\"abce5ae\" data-element_type=\"widget\" data-e-type=\"widget\" data-widget_type=\"heading.default\">\n\t\t\t\t\t<h2 class=\"elementor-heading-title elementor-size-default\">contact<\/h2>\t\t\t\t<\/div>\n\t\t\t\t<\/div>\n\t\t\t\t\t<\/div>\n\t\t\t\t<\/div>\n\t\t<div class=\"elementor-element elementor-element-eb63787 e-flex e-con-boxed e-con e-parent\" data-id=\"eb63787\" data-element_type=\"container\" data-e-type=\"container\">\n\t\t\t\t\t<div class=\"e-con-inner\">\n\t\t<div class=\"elementor-element elementor-element-934e2f7 e-con-full e-flex e-con e-child\" data-id=\"934e2f7\" data-element_type=\"container\" data-e-type=\"container\" data-settings=\"{&quot;background_background&quot;:&quot;classic&quot;}\">\n\t\t\t\t<div class=\"elementor-element elementor-element-d05c9c9 elementor-widget elementor-widget-heading\" data-id=\"d05c9c9\" data-element_type=\"widget\" data-e-type=\"widget\" data-widget_type=\"heading.default\">\n\t\t\t\t\t<h2 class=\"elementor-heading-title elementor-size-default\">Contact<\/h2>\t\t\t\t<\/div>\n\t\t\t\t<div class=\"elementor-element elementor-element-4f3a1e6 elementor-icon-list--layout-traditional elementor-list-item-link-full_width elementor-widget elementor-widget-icon-list\" data-id=\"4f3a1e6\" data-element_type=\"widget\" data-e-type=\"widget\" data-widget_type=\"icon-list.default\">\n\t\t\t\t\t\t\t<ul class=\"elementor-icon-list-items\">\n\t\t\t\t\t\t\t<li class=\"elementor-icon-list-item\">\n\t\t\t\t\t\t\t\t\t\t\t<span class=\"elementor-icon-list-icon\">\n\t\t\t\t\t\t\t<svg aria-hidden=\"true\" class=\"e-font-icon-svg e-fas-location-arrow\" viewbox=\"0 0 512 512\" xmlns=\"http:\/\/www.w3.org\/2000\/svg\"><path d=\"M444.52 3.52L28.74 195.42c-47.97 22.39-31.98 92.75 19.19 92.75h175.91v175.91c0 51.17 70.36 67.17 92.75 19.19l191.9-415.78c15.99-38.39-25.59-79.97-63.97-63.97z\"><\/path><\/svg>\t\t\t\t\t\t<\/span>\n\t\t\t\t\t\t\t\t\t\t<span class=\"elementor-icon-list-text\">Balatonm\u00e1riaf\u00fcrd\u0151, Ady Endre u. 14, 8647<\/span>\n\t\t\t\t\t\t\t\t\t<\/li>\n\t\t\t\t\t\t\t\t<li class=\"elementor-icon-list-item\">\n\t\t\t\t\t\t\t\t\t\t\t<span class=\"elementor-icon-list-icon\">\n\t\t\t\t\t\t\t<svg aria-hidden=\"true\" class=\"e-font-icon-svg e-fas-phone-alt\" viewbox=\"0 0 512 512\" xmlns=\"http:\/\/www.w3.org\/2000\/svg\"><path d=\"M497.39 361.8l-112-48a24 24 0 0 0-28 6.9l-49.6 60.6A370.66 370.66 0 0 1 130.6 204.11l60.6-49.6a23.94 23.94 0 0 0 6.9-28l-48-112A24.16 24.16 0 0 0 122.6.61l-104 24A24 24 0 0 0 0 48c0 256.5 207.9 464 464 464a24 24 0 0 0 23.4-18.6l24-104a24.29 24.29 0 0 0-14.01-27.6z\"><\/path><\/svg>\t\t\t\t\t\t<\/span>\n\t\t\t\t\t\t\t\t\t\t<span class=\"elementor-icon-list-text\">+36 (30) 262 1768<\/span>\n\t\t\t\t\t\t\t\t\t<\/li>\n\t\t\t\t\t\t<\/ul>\n\t\t\t\t\t\t<\/div>\n\t\t\t\t<div class=\"elementor-element elementor-element-71d6ec2 elementor-widget elementor-widget-heading\" data-id=\"71d6ec2\" data-element_type=\"widget\" data-e-type=\"widget\" data-widget_type=\"heading.default\">\n\t\t\t\t\t<h2 class=\"elementor-heading-title elementor-size-default\">Opening hours<\/h2>\t\t\t\t<\/div>\n\t\t\t\t<div class=\"elementor-element elementor-element-17359ee elementor-icon-list--layout-traditional elementor-list-item-link-full_width elementor-widget elementor-widget-icon-list\" data-id=\"17359ee\" data-element_type=\"widget\" data-e-type=\"widget\" data-widget_type=\"icon-list.default\">\n\t\t\t\t\t\t\t<ul class=\"elementor-icon-list-items\">\n\t\t\t\t\t\t\t<li class=\"elementor-icon-list-item\">\n\t\t\t\t\t\t\t\t\t\t\t<span class=\"elementor-icon-list-icon\">\n\t\t\t\t\t\t\t<svg aria-hidden=\"true\" class=\"e-font-icon-svg e-far-clock\" viewbox=\"0 0 512 512\" xmlns=\"http:\/\/www.w3.org\/2000\/svg\"><path d=\"M256 8C119 8 8 119 8 256s111 248 248 248 248-111 248-248S393 8 256 8zm0 448c-110.5 0-200-89.5-200-200S145.5 56 256 56s200 89.5 200 200-89.5 200-200 200zm61.8-104.4l-84.9-61.7c-3.1-2.3-4.9-5.9-4.9-9.7V116c0-6.6 5.4-12 12-12h32c6.6 0 12 5.4 12 12v141.7l66.8 48.6c5.4 3.9 6.5 11.4 2.6 16.8L334.6 349c-3.9 5.3-11.4 6.5-16.8 2.6z\"><\/path><\/svg>\t\t\t\t\t\t<\/span>\n\t\t\t\t\t\t\t\t\t\t<span class=\"elementor-icon-list-text\">Monday-Sunday: 12:00-22:00<\/span>\n\t\t\t\t\t\t\t\t\t<\/li>\n\t\t\t\t\t\t<\/ul>\n\t\t\t\t\t\t<\/div>\n\t\t\t\t<\/div>\n\t\t<div class=\"elementor-element elementor-element-7c19880 e-con-full e-flex e-con e-child\" data-id=\"7c19880\" data-element_type=\"container\" data-e-type=\"container\" data-settings=\"{&quot;background_background&quot;:&quot;classic&quot;}\">\n\t\t\t\t<div class=\"elementor-element elementor-element-04ade93 elementor-widget elementor-widget-image\" data-id=\"04ade93\" data-element_type=\"widget\" data-e-type=\"widget\" data-widget_type=\"image.default\">\n\t\t\t\t\t\t\t\t\t\t\t\t\t\t\t<img fetchpriority=\"high\" decoding=\"async\" width=\"2048\" height=\"1367\" src=\"https:\/\/gulyaskunyho.com\/wp-content\/uploads\/2025\/08\/boros-bogracs.jpg\" class=\"attachment-full size-full wp-image-161\" alt=\"\" srcset=\"https:\/\/gulyaskunyho.com\/wp-content\/uploads\/2025\/08\/boros-bogracs.jpg 2048w, https:\/\/gulyaskunyho.com\/wp-content\/uploads\/2025\/08\/boros-bogracs-300x200.jpg 300w, https:\/\/gulyaskunyho.com\/wp-content\/uploads\/2025\/08\/boros-bogracs-1024x684.jpg 1024w, https:\/\/gulyaskunyho.com\/wp-content\/uploads\/2025\/08\/boros-bogracs-768x513.jpg 768w, https:\/\/gulyaskunyho.com\/wp-content\/uploads\/2025\/08\/boros-bogracs-1536x1025.jpg 1536w, https:\/\/gulyaskunyho.com\/wp-content\/uploads\/2025\/08\/boros-bogracs-18x12.jpg 18w\" sizes=\"(max-width: 2048px) 100vw, 2048px\" \/>\t\t\t\t\t\t\t\t\t\t\t\t\t\t\t<\/div>\n\t\t\t\t<\/div>\n\t\t\t\t\t<\/div>\n\t\t\t\t<\/div>\n\t\t\t\t<\/div>","protected":false},"excerpt":{"rendered":"<p>Contact Contact Balatonm\u00e1riaf\u00fcrd\u0151, Ady Endre u. 14, 8647 +36 (30) 262 1768 Opening hours Monday-Sunday: 12:00-22:00<\/p>","protected":false},"author":3,"featured_media":0,"parent":0,"menu_order":0,"comment_status":"closed","ping_status":"closed","template":"","meta":{"footnotes":""},"class_list":["post-22","page","type-page","status-publish","hentry"],"yoast_head":"<!-- This site is optimized with the Yoast SEO Premium plugin v27.3 (Yoast SEO v27.3) - https:\/\/yoast.com\/product\/yoast-seo-premium-wordpress\/ -->\n<title>Kapcsolat - Guly\u00e1s Kunyh\u00f3<\/title>\n<meta name=\"robots\" content=\"index, follow, max-snippet:-1, max-image-preview:large, max-video-preview:-1\" \/>\n<link rel=\"canonical\" href=\"https:\/\/gulyaskunyho.com\/en\/contact\/\" \/>\n<meta property=\"og:locale\" content=\"en_GB\" \/>\n<meta property=\"og:type\" content=\"article\" \/>\n<meta property=\"og:title\" content=\"Kapcsolat\" \/>\n<meta property=\"og:description\" content=\"kapcsolat El\u00e9rhet\u0151s\u00e9gek Balatonm\u00e1riaf\u00fcrd\u0151, Ady Endre u. 14, 8647 +36 (30) 262 1768 Nyitvatart\u00e1s H\u00e9tf\u0151-Vas\u00e1rnap: 12:00-22:00\" \/>\n<meta property=\"og:url\" content=\"https:\/\/gulyaskunyho.com\/en\/contact\/\" \/>\n<meta property=\"og:site_name\" content=\"Guly\u00e1s Kunyh\u00f3\" \/>\n<meta property=\"article:publisher\" content=\"https:\/\/www.facebook.com\/gulyaskunyho\" \/>\n<meta property=\"article:modified_time\" content=\"2025-08-18T08:52:07+00:00\" \/>\n<meta property=\"og:image\" content=\"https:\/\/gulyaskunyho.com\/wp-content\/uploads\/2025\/08\/boros-bogracs.jpg\" \/>\n\t<meta property=\"og:image:width\" content=\"2048\" \/>\n\t<meta property=\"og:image:height\" content=\"1367\" \/>\n\t<meta property=\"og:image:type\" content=\"image\/jpeg\" \/>\n<meta name=\"twitter:card\" content=\"summary_large_image\" \/>\n<script type=\"application\/ld+json\" class=\"yoast-schema-graph\">{\"@context\":\"https:\\\/\\\/schema.org\",\"@graph\":[{\"@type\":\"WebPage\",\"@id\":\"https:\\\/\\\/gulyaskunyho.com\\\/kapcsolat\\\/\",\"url\":\"https:\\\/\\\/gulyaskunyho.com\\\/kapcsolat\\\/\",\"name\":\"Kapcsolat - Guly\u00e1s Kunyh\u00f3\",\"isPartOf\":{\"@id\":\"https:\\\/\\\/gulyaskunyho.com\\\/#website\"},\"primaryImageOfPage\":{\"@id\":\"https:\\\/\\\/gulyaskunyho.com\\\/kapcsolat\\\/#primaryimage\"},\"image\":{\"@id\":\"https:\\\/\\\/gulyaskunyho.com\\\/kapcsolat\\\/#primaryimage\"},\"thumbnailUrl\":\"https:\\\/\\\/gulyaskunyho.com\\\/wp-content\\\/uploads\\\/2025\\\/08\\\/boros-bogracs.jpg\",\"datePublished\":\"2025-08-17T13:16:15+00:00\",\"dateModified\":\"2025-08-18T08:52:07+00:00\",\"breadcrumb\":{\"@id\":\"https:\\\/\\\/gulyaskunyho.com\\\/kapcsolat\\\/#breadcrumb\"},\"inLanguage\":\"en-GB\",\"potentialAction\":[{\"@type\":\"ReadAction\",\"target\":[\"https:\\\/\\\/gulyaskunyho.com\\\/kapcsolat\\\/\"]}]},{\"@type\":\"ImageObject\",\"inLanguage\":\"en-GB\",\"@id\":\"https:\\\/\\\/gulyaskunyho.com\\\/kapcsolat\\\/#primaryimage\",\"url\":\"https:\\\/\\\/gulyaskunyho.com\\\/wp-content\\\/uploads\\\/2025\\\/08\\\/boros-bogracs.jpg\",\"contentUrl\":\"https:\\\/\\\/gulyaskunyho.com\\\/wp-content\\\/uploads\\\/2025\\\/08\\\/boros-bogracs.jpg\"},{\"@type\":\"BreadcrumbList\",\"@id\":\"https:\\\/\\\/gulyaskunyho.com\\\/kapcsolat\\\/#breadcrumb\",\"itemListElement\":[{\"@type\":\"ListItem\",\"position\":1,\"name\":\"Kezd\u0151lap\",\"item\":\"https:\\\/\\\/gulyaskunyho.com\\\/\"},{\"@type\":\"ListItem\",\"position\":2,\"name\":\"Kapcsolat\"}]},{\"@type\":\"WebSite\",\"@id\":\"https:\\\/\\\/gulyaskunyho.com\\\/#website\",\"url\":\"https:\\\/\\\/gulyaskunyho.com\\\/\",\"name\":\"Guly\u00e1s Kunyh\u00f3\",\"description\":\"\",\"publisher\":{\"@id\":\"https:\\\/\\\/gulyaskunyho.com\\\/#organization\"},\"potentialAction\":[{\"@type\":\"SearchAction\",\"target\":{\"@type\":\"EntryPoint\",\"urlTemplate\":\"https:\\\/\\\/gulyaskunyho.com\\\/?s={search_term_string}\"},\"query-input\":{\"@type\":\"PropertyValueSpecification\",\"valueRequired\":true,\"valueName\":\"search_term_string\"}}],\"inLanguage\":\"en-GB\"},{\"@type\":[\"Organization\",\"Place\"],\"@id\":\"https:\\\/\\\/gulyaskunyho.com\\\/#organization\",\"name\":\"Guly\u00e1s Kunyh\u00f3\",\"url\":\"https:\\\/\\\/gulyaskunyho.com\\\/\",\"logo\":{\"@id\":\"https:\\\/\\\/gulyaskunyho.com\\\/kapcsolat\\\/#local-main-organization-logo\"},\"image\":{\"@id\":\"https:\\\/\\\/gulyaskunyho.com\\\/kapcsolat\\\/#local-main-organization-logo\"},\"sameAs\":[\"https:\\\/\\\/www.facebook.com\\\/gulyaskunyho\"],\"telephone\":[],\"openingHoursSpecification\":[{\"@type\":\"OpeningHoursSpecification\",\"dayOfWeek\":[\"Monday\",\"Tuesday\",\"Wednesday\",\"Thursday\",\"Friday\",\"Saturday\",\"Sunday\"],\"opens\":\"09:00\",\"closes\":\"17:00\"}]},{\"@type\":\"ImageObject\",\"inLanguage\":\"en-GB\",\"@id\":\"https:\\\/\\\/gulyaskunyho.com\\\/kapcsolat\\\/#local-main-organization-logo\",\"url\":\"https:\\\/\\\/gulyaskunyho.com\\\/wp-content\\\/uploads\\\/2025\\\/08\\\/logo_nobg.png\",\"contentUrl\":\"https:\\\/\\\/gulyaskunyho.com\\\/wp-content\\\/uploads\\\/2025\\\/08\\\/logo_nobg.png\",\"width\":472,\"height\":469,\"caption\":\"Guly\u00e1s Kunyh\u00f3\"}]}<\/script>\n<!-- \/ Yoast SEO Premium plugin. -->","yoast_head_json":{"title":"Contact - Guly\u00e1s Kunyh\u00f3","robots":{"index":"index","follow":"follow","max-snippet":"max-snippet:-1","max-image-preview":"max-image-preview:large","max-video-preview":"max-video-preview:-1"},"canonical":"https:\/\/gulyaskunyho.com\/en\/contact\/","og_locale":"en_GB","og_type":"article","og_title":"Kapcsolat","og_description":"kapcsolat El\u00e9rhet\u0151s\u00e9gek Balatonm\u00e1riaf\u00fcrd\u0151, Ady Endre u. 14, 8647 +36 (30) 262 1768 Nyitvatart\u00e1s H\u00e9tf\u0151-Vas\u00e1rnap: 12:00-22:00","og_url":"https:\/\/gulyaskunyho.com\/en\/contact\/","og_site_name":"Guly\u00e1s Kunyh\u00f3","article_publisher":"https:\/\/www.facebook.com\/gulyaskunyho","article_modified_time":"2025-08-18T08:52:07+00:00","og_image":[{"width":2048,"height":1367,"url":"https:\/\/gulyaskunyho.com\/wp-content\/uploads\/2025\/08\/boros-bogracs.jpg","type":"image\/jpeg"}],"twitter_card":"summary_large_image","schema":{"@context":"https:\/\/schema.org","@graph":[{"@type":"WebPage","@id":"https:\/\/gulyaskunyho.com\/kapcsolat\/","url":"https:\/\/gulyaskunyho.com\/kapcsolat\/","name":"Contact - Guly\u00e1s Kunyh\u00f3","isPartOf":{"@id":"https:\/\/gulyaskunyho.com\/#website"},"primaryImageOfPage":{"@id":"https:\/\/gulyaskunyho.com\/kapcsolat\/#primaryimage"},"image":{"@id":"https:\/\/gulyaskunyho.com\/kapcsolat\/#primaryimage"},"thumbnailUrl":"https:\/\/gulyaskunyho.com\/wp-content\/uploads\/2025\/08\/boros-bogracs.jpg","datePublished":"2025-08-17T13:16:15+00:00","dateModified":"2025-08-18T08:52:07+00:00","breadcrumb":{"@id":"https:\/\/gulyaskunyho.com\/kapcsolat\/#breadcrumb"},"inLanguage":"en-GB","potentialAction":[{"@type":"ReadAction","target":["https:\/\/gulyaskunyho.com\/kapcsolat\/"]}]},{"@type":"ImageObject","inLanguage":"en-GB","@id":"https:\/\/gulyaskunyho.com\/kapcsolat\/#primaryimage","url":"https:\/\/gulyaskunyho.com\/wp-content\/uploads\/2025\/08\/boros-bogracs.jpg","contentUrl":"https:\/\/gulyaskunyho.com\/wp-content\/uploads\/2025\/08\/boros-bogracs.jpg"},{"@type":"BreadcrumbList","@id":"https:\/\/gulyaskunyho.com\/kapcsolat\/#breadcrumb","itemListElement":[{"@type":"ListItem","position":1,"name":"Kezd\u0151lap","item":"https:\/\/gulyaskunyho.com\/"},{"@type":"ListItem","position":2,"name":"Kapcsolat"}]},{"@type":"WebSite","@id":"https:\/\/gulyaskunyho.com\/#website","url":"https:\/\/gulyaskunyho.com\/","name":"Guly\u00e1s Hut","description":"","publisher":{"@id":"https:\/\/gulyaskunyho.com\/#organization"},"potentialAction":[{"@type":"SearchAction","target":{"@type":"EntryPoint","urlTemplate":"https:\/\/gulyaskunyho.com\/?s={search_term_string}"},"query-input":{"@type":"PropertyValueSpecification","valueRequired":true,"valueName":"search_term_string"}}],"inLanguage":"en-GB"},{"@type":["Organization","Place"],"@id":"https:\/\/gulyaskunyho.com\/#organization","name":"Guly\u00e1s Hut","url":"https:\/\/gulyaskunyho.com\/","logo":{"@id":"https:\/\/gulyaskunyho.com\/kapcsolat\/#local-main-organization-logo"},"image":{"@id":"https:\/\/gulyaskunyho.com\/kapcsolat\/#local-main-organization-logo"},"sameAs":["https:\/\/www.facebook.com\/gulyaskunyho"],"telephone":[],"openingHoursSpecification":[{"@type":"OpeningHoursSpecification","dayOfWeek":["Monday","Tuesday","Wednesday","Thursday","Friday","Saturday","Sunday"],"opens":"09:00","closes":"17:00"}]},{"@type":"ImageObject","inLanguage":"en-GB","@id":"https:\/\/gulyaskunyho.com\/kapcsolat\/#local-main-organization-logo","url":"https:\/\/gulyaskunyho.com\/wp-content\/uploads\/2025\/08\/logo_nobg.png","contentUrl":"https:\/\/gulyaskunyho.com\/wp-content\/uploads\/2025\/08\/logo_nobg.png","width":472,"height":469,"caption":"Guly\u00e1s Kunyh\u00f3"}]}},"_links":{"self":[{"href":"https:\/\/gulyaskunyho.com\/en\/wp-json\/wp\/v2\/pages\/22","targetHints":{"allow":["GET"]}}],"collection":[{"href":"https:\/\/gulyaskunyho.com\/en\/wp-json\/wp\/v2\/pages"}],"about":[{"href":"https:\/\/gulyaskunyho.com\/en\/wp-json\/wp\/v2\/types\/page"}],"author":[{"embeddable":true,"href":"https:\/\/gulyaskunyho.com\/en\/wp-json\/wp\/v2\/users\/3"}],"replies":[{"embeddable":true,"href":"https:\/\/gulyaskunyho.com\/en\/wp-json\/wp\/v2\/comments?post=22"}],"version-history":[{"count":7,"href":"https:\/\/gulyaskunyho.com\/en\/wp-json\/wp\/v2\/pages\/22\/revisions"}],"predecessor-version":[{"id":190,"href":"https:\/\/gulyaskunyho.com\/en\/wp-json\/wp\/v2\/pages\/22\/revisions\/190"}],"wp:attachment":[{"href":"https:\/\/gulyaskunyho.com\/en\/wp-json\/wp\/v2\/media?parent=22"}],"curies":[{"name":"wp","href":"https:\/\/api.w.org\/{rel}","templated":true}]}}