{"id":14,"date":"2025-08-17T13:15:33","date_gmt":"2025-08-17T13:15:33","guid":{"rendered":"http:\/\/www.gulyaskunyho.local\/?page_id=14"},"modified":"2025-09-01T12:49:38","modified_gmt":"2025-09-01T12:49:38","slug":"kezdooldal","status":"publish","type":"page","link":"https:\/\/gulyaskunyho.com\/en\/","title":{"rendered":"Home page"},"content":{"rendered":"<div data-elementor-type=\"wp-page\" data-elementor-id=\"14\" class=\"elementor elementor-14\" data-elementor-post-type=\"page\">\n\t\t\t\t<div class=\"elementor-element elementor-element-2a77a70 e-flex e-con-boxed e-con e-parent\" data-id=\"2a77a70\" data-element_type=\"container\" data-e-type=\"container\">\n\t\t\t\t\t<div class=\"e-con-inner\">\n\t\t\t\t<div class=\"elementor-element elementor-element-0be71c5 elementor-widget elementor-widget-text-editor\" data-id=\"0be71c5\" data-element_type=\"widget\" data-e-type=\"widget\" data-widget_type=\"text-editor.default\">\n\t\t\t\t\t\t\t\t\t<p>Welcome to<\/p><p>a<\/p>\t\t\t\t\t\t\t\t<\/div>\n\t\t\t\t<div class=\"elementor-element elementor-element-dbfab6c elementor-widget elementor-widget-heading\" data-id=\"dbfab6c\" data-element_type=\"widget\" data-e-type=\"widget\" data-widget_type=\"heading.default\">\n\t\t\t\t\t<h2 class=\"elementor-heading-title elementor-size-default\">Guly\u00e1s Hut<\/h2>\t\t\t\t<\/div>\n\t\t\t\t<div class=\"elementor-element elementor-element-54201af elementor-widget elementor-widget-text-editor\" data-id=\"54201af\" data-element_type=\"widget\" data-e-type=\"widget\" data-widget_type=\"text-editor.default\">\n\t\t\t\t\t\t\t\t\t<p>on its website<\/p>\t\t\t\t\t\t\t\t<\/div>\n\t\t\t\t\t<\/div>\n\t\t\t\t<\/div>\n\t\t<div class=\"elementor-element elementor-element-eab07b4 e-flex e-con-boxed e-con e-parent\" data-id=\"eab07b4\" data-element_type=\"container\" data-e-type=\"container\">\n\t\t\t\t\t<div class=\"e-con-inner\">\n\t\t<div class=\"elementor-element elementor-element-2baf0bf e-con-full e-flex e-con e-child\" data-id=\"2baf0bf\" data-element_type=\"container\" data-e-type=\"container\" data-settings=\"{&quot;background_background&quot;:&quot;classic&quot;}\">\n\t\t\t\t<div class=\"elementor-element elementor-element-1013faa elementor-widget elementor-widget-heading\" data-id=\"1013faa\" data-element_type=\"widget\" data-e-type=\"widget\" data-widget_type=\"heading.default\">\n\t\t\t\t\t<h2 class=\"elementor-heading-title elementor-size-default\">About us<\/h2>\t\t\t\t<\/div>\n\t\t\t\t<div class=\"elementor-element elementor-element-ffaa1a1 elementor-widget elementor-widget-text-editor\" data-id=\"ffaa1a1\" data-element_type=\"widget\" data-e-type=\"widget\" data-widget_type=\"text-editor.default\">\n\t\t\t\t\t\t\t\t\t<p data-start=\"693\" data-end=\"865\">A <strong data-start=\"695\" data-end=\"712\">Guly\u00e1s Hut<\/strong> (<em data-start=\"723\" data-end=\"738\">Goulash Hut<\/em>) It is located in the centre of Balatonm\u00e1riaf\u00fcrd\u0151, next to Hotel Napsug\u00e1r, just a few steps from Lake Balaton and the bike path.<\/p><p data-start=\"867\" data-end=\"1086\">Our restaurant offers the best of Hungarian cuisine - from classic goulash soup to fresh fish dishes. Our guests <strong data-start=\"976\" data-end=\"1022\">friendly, multilingual staff<\/strong>, with friendly prices and <strong data-start=\"1046\" data-end=\"1076\">with a real Balaton atmosphere<\/strong> we look forward to.<\/p>\t\t\t\t\t\t\t\t<\/div>\n\t\t\t\t<\/div>\n\t\t<div class=\"elementor-element elementor-element-2ef589d e-con-full e-flex e-con e-child\" data-id=\"2ef589d\" data-element_type=\"container\" data-e-type=\"container\">\n\t\t\t\t<div class=\"elementor-element elementor-element-4f05eb2 elementor-widget elementor-widget-image\" data-id=\"4f05eb2\" data-element_type=\"widget\" data-e-type=\"widget\" data-widget_type=\"image.default\">\n\t\t\t\t\t\t\t\t\t\t\t\t\t\t\t<img fetchpriority=\"high\" decoding=\"async\" width=\"800\" height=\"534\" src=\"https:\/\/gulyaskunyho.com\/wp-content\/uploads\/2025\/08\/481787068_1150653589846977_2698697439189619388_n-1024x684.jpg\" class=\"attachment-large size-large wp-image-46\" alt=\"\" srcset=\"https:\/\/gulyaskunyho.com\/wp-content\/uploads\/2025\/08\/481787068_1150653589846977_2698697439189619388_n-1024x684.jpg 1024w, https:\/\/gulyaskunyho.com\/wp-content\/uploads\/2025\/08\/481787068_1150653589846977_2698697439189619388_n-300x200.jpg 300w, https:\/\/gulyaskunyho.com\/wp-content\/uploads\/2025\/08\/481787068_1150653589846977_2698697439189619388_n-768x513.jpg 768w, https:\/\/gulyaskunyho.com\/wp-content\/uploads\/2025\/08\/481787068_1150653589846977_2698697439189619388_n-1536x1025.jpg 1536w, https:\/\/gulyaskunyho.com\/wp-content\/uploads\/2025\/08\/481787068_1150653589846977_2698697439189619388_n-18x12.jpg 18w, https:\/\/gulyaskunyho.com\/wp-content\/uploads\/2025\/08\/481787068_1150653589846977_2698697439189619388_n.jpg 2048w\" sizes=\"(max-width: 800px) 100vw, 800px\" \/>\t\t\t\t\t\t\t\t\t\t\t\t\t\t\t<\/div>\n\t\t\t\t<\/div>\n\t\t\t\t\t<\/div>\n\t\t\t\t<\/div>\n\t\t<div class=\"elementor-element elementor-element-7a3819f e-flex e-con-boxed e-con e-parent\" data-id=\"7a3819f\" data-element_type=\"container\" data-e-type=\"container\" data-settings=\"{&quot;background_background&quot;:&quot;classic&quot;}\">\n\t\t\t\t\t<div class=\"e-con-inner\">\n\t\t\t\t<div class=\"elementor-element elementor-element-ad3bdb6 elementor-widget elementor-widget-heading\" data-id=\"ad3bdb6\" data-element_type=\"widget\" data-e-type=\"widget\" data-widget_type=\"heading.default\">\n\t\t\t\t\t<h2 class=\"elementor-heading-title elementor-size-default\">Map<\/h2>\t\t\t\t<\/div>\n\t\t\t\t<div class=\"elementor-element elementor-element-dfd3ed8 elementor-widget elementor-widget-google_maps\" data-id=\"dfd3ed8\" data-element_type=\"widget\" data-e-type=\"widget\" data-widget_type=\"google_maps.default\">\n\t\t\t\t\t\t\t<div class=\"elementor-custom-embed\">\n\t\t\t<iframe loading=\"lazy\"\n\t\t\t\t\tsrc=\"https:\/\/maps.google.com\/maps?q=Gulaschh%C3%BCtte%20Restaurant&#038;t=m&#038;z=15&#038;output=embed&#038;iwloc=near\"\n\t\t\t\t\ttitle=\"Gulaschh\u00fctte Restaurant\"\n\t\t\t\t\taria-label=\"Gulaschh\u00fctte Restaurant\"\n\t\t\t><\/iframe>\n\t\t<\/div>\n\t\t\t\t\t\t<\/div>\n\t\t\t\t\t<\/div>\n\t\t\t\t<\/div>\n\t\t<div class=\"elementor-element elementor-element-dbc9677 e-flex e-con-boxed e-con e-parent\" data-id=\"dbc9677\" data-element_type=\"container\" data-e-type=\"container\">\n\t\t\t\t\t<div class=\"e-con-inner\">\n\t\t\t\t<div class=\"elementor-element elementor-element-cc7264e elementor-widget elementor-widget-heading\" data-id=\"cc7264e\" data-element_type=\"widget\" data-e-type=\"widget\" data-widget_type=\"heading.default\">\n\t\t\t\t\t<h5 class=\"elementor-heading-title elementor-size-default\">Accommodation<\/h5>\t\t\t\t<\/div>\n\t\t\t\t\t<\/div>\n\t\t\t\t<\/div>\n\t\t<div class=\"elementor-element elementor-element-135bbcb e-flex e-con-boxed e-con e-parent\" data-id=\"135bbcb\" data-element_type=\"container\" data-e-type=\"container\">\n\t\t\t\t\t<div class=\"e-con-inner\">\n\t\t<div class=\"elementor-element elementor-element-e4df2b1 e-con-full e-flex e-con e-child\" data-id=\"e4df2b1\" data-element_type=\"container\" data-e-type=\"container\">\n\t\t\t\t<div class=\"elementor-element elementor-element-608ed0b elementor-widget elementor-widget-image\" data-id=\"608ed0b\" data-element_type=\"widget\" data-e-type=\"widget\" data-widget_type=\"image.default\">\n\t\t\t\t\t\t\t\t\t\t\t\t\t\t\t\t<a href=\"https:\/\/www.balaton24.de\/angebot-665.shtml\">\n\t\t\t\t\t\t\t<img decoding=\"async\" width=\"300\" height=\"158\" src=\"https:\/\/gulyaskunyho.com\/wp-content\/uploads\/2025\/08\/logo-5-300x158.png\" class=\"attachment-medium size-medium wp-image-251\" alt=\"Villa Eszter\" srcset=\"https:\/\/gulyaskunyho.com\/wp-content\/uploads\/2025\/08\/logo-5-300x158.png 300w, https:\/\/gulyaskunyho.com\/wp-content\/uploads\/2025\/08\/logo-5-768x406.png 768w, https:\/\/gulyaskunyho.com\/wp-content\/uploads\/2025\/08\/logo-5-18x10.png 18w, https:\/\/gulyaskunyho.com\/wp-content\/uploads\/2025\/08\/logo-5.png 1024w\" sizes=\"(max-width: 300px) 100vw, 300px\" \/>\t\t\t\t\t\t\t\t<\/a>\n\t\t\t\t\t\t\t\t\t\t\t\t\t\t\t<\/div>\n\t\t\t\t<\/div>\n\t\t<div class=\"elementor-element elementor-element-8451dee e-con-full e-flex e-con e-child\" data-id=\"8451dee\" data-element_type=\"container\" data-e-type=\"container\">\n\t\t\t\t<\/div>\n\t\t\t\t\t<\/div>\n\t\t\t\t<\/div>\n\t\t\t\t<\/div>","protected":false},"excerpt":{"rendered":"<p>Welcome to the Guly\u00e1s Kunyh\u00f3 website About us The Guly\u00e1s Kunyh\u00f3 (Gulasch H\u00fctte) is located in the centre of Balatonm\u00e1riaf\u00fcrd\u0151, next to the Hotel Napsug\u00e1r, just a few steps from Lake Balaton and the cycle path. Our restaurant offers the best of Hungarian cuisine, from classic goulash soup to fresh fish dishes. We welcome our guests with friendly, multilingual staff, reasonable prices and a genuine Lake Balaton atmosphere. Map Accommodation<\/p>","protected":false},"author":3,"featured_media":0,"parent":0,"menu_order":0,"comment_status":"closed","ping_status":"closed","template":"","meta":{"footnotes":""},"class_list":["post-14","page","type-page","status-publish","hentry"],"yoast_head":"<!-- This site is optimized with the Yoast SEO Premium plugin v27.3 (Yoast SEO v27.3) - https:\/\/yoast.com\/product\/yoast-seo-premium-wordpress\/ -->\n<title>Kezd\u0151oldal - Guly\u00e1s Kunyh\u00f3<\/title>\n<meta name=\"robots\" content=\"index, follow, max-snippet:-1, max-image-preview:large, max-video-preview:-1\" \/>\n<link rel=\"canonical\" href=\"https:\/\/gulyaskunyho.com\/en\/\" \/>\n<meta property=\"og:locale\" content=\"en_GB\" \/>\n<meta property=\"og:type\" content=\"article\" \/>\n<meta property=\"og:title\" content=\"Kezd\u0151oldal\" \/>\n<meta property=\"og:description\" content=\"\u00dcdv\u00f6z\u00f6lj\u00fck a Guly\u00e1s Kunyh\u00f3 weboldal\u00e1n R\u00f3lunk A Guly\u00e1s Kunyh\u00f3 (Gulasch H\u00fctte) Balatonm\u00e1riaf\u00fcrd\u0151 k\u00f6zpontj\u00e1ban, a Hotel Napsug\u00e1r mellett tal\u00e1lhat\u00f3, mind\u00f6ssze p\u00e1r l\u00e9p\u00e9sre a Balatont\u00f3l \u00e9s a bringak\u00f6r\u00fatt\u00f3l. \u00c9tterm\u00fcnkben a magyar konyha legjav\u00e1t k\u00edn\u00e1ljuk \u2013 klasszikus guly\u00e1slevest\u0151l a friss hal\u00e9telekig. Vend\u00e9geinket kedves, t\u00f6bb nyelven besz\u00e9l\u0151 szem\u00e9lyzettel, bar\u00e1ts\u00e1gos \u00e1rakkal \u00e9s igazi balatoni hangulattal v\u00e1rjuk. T\u00e9rk\u00e9p Sz\u00e1ll\u00e1shelyek\" \/>\n<meta property=\"og:url\" content=\"https:\/\/gulyaskunyho.com\/en\/\" \/>\n<meta property=\"og:site_name\" content=\"Guly\u00e1s Kunyh\u00f3\" \/>\n<meta property=\"article:publisher\" content=\"https:\/\/www.facebook.com\/gulyaskunyho\" \/>\n<meta property=\"article:modified_time\" content=\"2025-09-01T12:49:38+00:00\" \/>\n<meta property=\"og:image\" content=\"https:\/\/gulyaskunyho.com\/wp-content\/uploads\/2025\/08\/481787068_1150653589846977_2698697439189619388_n.jpg\" \/>\n\t<meta property=\"og:image:width\" content=\"2048\" \/>\n\t<meta property=\"og:image:height\" content=\"1367\" \/>\n\t<meta property=\"og:image:type\" content=\"image\/jpeg\" \/>\n<meta name=\"twitter:card\" content=\"summary_large_image\" \/>\n<script type=\"application\/ld+json\" class=\"yoast-schema-graph\">{\"@context\":\"https:\\\/\\\/schema.org\",\"@graph\":[{\"@type\":\"WebPage\",\"@id\":\"https:\\\/\\\/gulyaskunyho.com\\\/\",\"url\":\"https:\\\/\\\/gulyaskunyho.com\\\/\",\"name\":\"Kezd\u0151oldal - Guly\u00e1s Kunyh\u00f3\",\"isPartOf\":{\"@id\":\"https:\\\/\\\/gulyaskunyho.com\\\/#website\"},\"primaryImageOfPage\":{\"@id\":\"https:\\\/\\\/gulyaskunyho.com\\\/#primaryimage\"},\"image\":{\"@id\":\"https:\\\/\\\/gulyaskunyho.com\\\/#primaryimage\"},\"thumbnailUrl\":\"https:\\\/\\\/gulyaskunyho.com\\\/wp-content\\\/uploads\\\/2025\\\/08\\\/481787068_1150653589846977_2698697439189619388_n-1024x684.jpg\",\"datePublished\":\"2025-08-17T13:15:33+00:00\",\"dateModified\":\"2025-09-01T12:49:38+00:00\",\"breadcrumb\":{\"@id\":\"https:\\\/\\\/gulyaskunyho.com\\\/#breadcrumb\"},\"inLanguage\":\"en-GB\",\"potentialAction\":[{\"@type\":\"ReadAction\",\"target\":[\"https:\\\/\\\/gulyaskunyho.com\\\/\"]}]},{\"@type\":\"ImageObject\",\"inLanguage\":\"en-GB\",\"@id\":\"https:\\\/\\\/gulyaskunyho.com\\\/#primaryimage\",\"url\":\"https:\\\/\\\/gulyaskunyho.com\\\/wp-content\\\/uploads\\\/2025\\\/08\\\/481787068_1150653589846977_2698697439189619388_n-1024x684.jpg\",\"contentUrl\":\"https:\\\/\\\/gulyaskunyho.com\\\/wp-content\\\/uploads\\\/2025\\\/08\\\/481787068_1150653589846977_2698697439189619388_n-1024x684.jpg\"},{\"@type\":\"BreadcrumbList\",\"@id\":\"https:\\\/\\\/gulyaskunyho.com\\\/#breadcrumb\",\"itemListElement\":[{\"@type\":\"ListItem\",\"position\":1,\"name\":\"Kezd\u0151lap\",\"item\":\"https:\\\/\\\/gulyaskunyho.com\\\/\"},{\"@type\":\"ListItem\",\"position\":2,\"name\":\"Kezd\u0151oldal\"}]},{\"@type\":\"WebSite\",\"@id\":\"https:\\\/\\\/gulyaskunyho.com\\\/#website\",\"url\":\"https:\\\/\\\/gulyaskunyho.com\\\/\",\"name\":\"Guly\u00e1s Kunyh\u00f3\",\"description\":\"\",\"publisher\":{\"@id\":\"https:\\\/\\\/gulyaskunyho.com\\\/#organization\"},\"potentialAction\":[{\"@type\":\"SearchAction\",\"target\":{\"@type\":\"EntryPoint\",\"urlTemplate\":\"https:\\\/\\\/gulyaskunyho.com\\\/?s={search_term_string}\"},\"query-input\":{\"@type\":\"PropertyValueSpecification\",\"valueRequired\":true,\"valueName\":\"search_term_string\"}}],\"inLanguage\":\"en-GB\"},{\"@type\":[\"Organization\",\"Place\"],\"@id\":\"https:\\\/\\\/gulyaskunyho.com\\\/#organization\",\"name\":\"Guly\u00e1s Kunyh\u00f3\",\"url\":\"https:\\\/\\\/gulyaskunyho.com\\\/\",\"logo\":{\"@id\":\"https:\\\/\\\/gulyaskunyho.com\\\/#local-main-organization-logo\"},\"image\":{\"@id\":\"https:\\\/\\\/gulyaskunyho.com\\\/#local-main-organization-logo\"},\"sameAs\":[\"https:\\\/\\\/www.facebook.com\\\/gulyaskunyho\"],\"telephone\":[],\"openingHoursSpecification\":[{\"@type\":\"OpeningHoursSpecification\",\"dayOfWeek\":[\"Monday\",\"Tuesday\",\"Wednesday\",\"Thursday\",\"Friday\",\"Saturday\",\"Sunday\"],\"opens\":\"09:00\",\"closes\":\"17:00\"}]},{\"@type\":\"ImageObject\",\"inLanguage\":\"en-GB\",\"@id\":\"https:\\\/\\\/gulyaskunyho.com\\\/#local-main-organization-logo\",\"url\":\"https:\\\/\\\/gulyaskunyho.com\\\/wp-content\\\/uploads\\\/2025\\\/08\\\/logo_nobg.png\",\"contentUrl\":\"https:\\\/\\\/gulyaskunyho.com\\\/wp-content\\\/uploads\\\/2025\\\/08\\\/logo_nobg.png\",\"width\":472,\"height\":469,\"caption\":\"Guly\u00e1s Kunyh\u00f3\"}]}<\/script>\n<!-- \/ Yoast SEO Premium plugin. -->","yoast_head_json":{"title":"Home - Guly\u00e1s Kunyh\u00f3","robots":{"index":"index","follow":"follow","max-snippet":"max-snippet:-1","max-image-preview":"max-image-preview:large","max-video-preview":"max-video-preview:-1"},"canonical":"https:\/\/gulyaskunyho.com\/en\/","og_locale":"en_GB","og_type":"article","og_title":"Kezd\u0151oldal","og_description":"\u00dcdv\u00f6z\u00f6lj\u00fck a Guly\u00e1s Kunyh\u00f3 weboldal\u00e1n R\u00f3lunk A Guly\u00e1s Kunyh\u00f3 (Gulasch H\u00fctte) Balatonm\u00e1riaf\u00fcrd\u0151 k\u00f6zpontj\u00e1ban, a Hotel Napsug\u00e1r mellett tal\u00e1lhat\u00f3, mind\u00f6ssze p\u00e1r l\u00e9p\u00e9sre a Balatont\u00f3l \u00e9s a bringak\u00f6r\u00fatt\u00f3l. \u00c9tterm\u00fcnkben a magyar konyha legjav\u00e1t k\u00edn\u00e1ljuk \u2013 klasszikus guly\u00e1slevest\u0151l a friss hal\u00e9telekig. Vend\u00e9geinket kedves, t\u00f6bb nyelven besz\u00e9l\u0151 szem\u00e9lyzettel, bar\u00e1ts\u00e1gos \u00e1rakkal \u00e9s igazi balatoni hangulattal v\u00e1rjuk. T\u00e9rk\u00e9p Sz\u00e1ll\u00e1shelyek","og_url":"https:\/\/gulyaskunyho.com\/en\/","og_site_name":"Guly\u00e1s Kunyh\u00f3","article_publisher":"https:\/\/www.facebook.com\/gulyaskunyho","article_modified_time":"2025-09-01T12:49:38+00:00","og_image":[{"width":2048,"height":1367,"url":"https:\/\/gulyaskunyho.com\/wp-content\/uploads\/2025\/08\/481787068_1150653589846977_2698697439189619388_n.jpg","type":"image\/jpeg"}],"twitter_card":"summary_large_image","schema":{"@context":"https:\/\/schema.org","@graph":[{"@type":"WebPage","@id":"https:\/\/gulyaskunyho.com\/","url":"https:\/\/gulyaskunyho.com\/","name":"Home - Guly\u00e1s Kunyh\u00f3","isPartOf":{"@id":"https:\/\/gulyaskunyho.com\/#website"},"primaryImageOfPage":{"@id":"https:\/\/gulyaskunyho.com\/#primaryimage"},"image":{"@id":"https:\/\/gulyaskunyho.com\/#primaryimage"},"thumbnailUrl":"https:\/\/gulyaskunyho.com\/wp-content\/uploads\/2025\/08\/481787068_1150653589846977_2698697439189619388_n-1024x684.jpg","datePublished":"2025-08-17T13:15:33+00:00","dateModified":"2025-09-01T12:49:38+00:00","breadcrumb":{"@id":"https:\/\/gulyaskunyho.com\/#breadcrumb"},"inLanguage":"en-GB","potentialAction":[{"@type":"ReadAction","target":["https:\/\/gulyaskunyho.com\/"]}]},{"@type":"ImageObject","inLanguage":"en-GB","@id":"https:\/\/gulyaskunyho.com\/#primaryimage","url":"https:\/\/gulyaskunyho.com\/wp-content\/uploads\/2025\/08\/481787068_1150653589846977_2698697439189619388_n-1024x684.jpg","contentUrl":"https:\/\/gulyaskunyho.com\/wp-content\/uploads\/2025\/08\/481787068_1150653589846977_2698697439189619388_n-1024x684.jpg"},{"@type":"BreadcrumbList","@id":"https:\/\/gulyaskunyho.com\/#breadcrumb","itemListElement":[{"@type":"ListItem","position":1,"name":"Kezd\u0151lap","item":"https:\/\/gulyaskunyho.com\/"},{"@type":"ListItem","position":2,"name":"Kezd\u0151oldal"}]},{"@type":"WebSite","@id":"https:\/\/gulyaskunyho.com\/#website","url":"https:\/\/gulyaskunyho.com\/","name":"Guly\u00e1s Hut","description":"","publisher":{"@id":"https:\/\/gulyaskunyho.com\/#organization"},"potentialAction":[{"@type":"SearchAction","target":{"@type":"EntryPoint","urlTemplate":"https:\/\/gulyaskunyho.com\/?s={search_term_string}"},"query-input":{"@type":"PropertyValueSpecification","valueRequired":true,"valueName":"search_term_string"}}],"inLanguage":"en-GB"},{"@type":["Organization","Place"],"@id":"https:\/\/gulyaskunyho.com\/#organization","name":"Guly\u00e1s Hut","url":"https:\/\/gulyaskunyho.com\/","logo":{"@id":"https:\/\/gulyaskunyho.com\/#local-main-organization-logo"},"image":{"@id":"https:\/\/gulyaskunyho.com\/#local-main-organization-logo"},"sameAs":["https:\/\/www.facebook.com\/gulyaskunyho"],"telephone":[],"openingHoursSpecification":[{"@type":"OpeningHoursSpecification","dayOfWeek":["Monday","Tuesday","Wednesday","Thursday","Friday","Saturday","Sunday"],"opens":"09:00","closes":"17:00"}]},{"@type":"ImageObject","inLanguage":"en-GB","@id":"https:\/\/gulyaskunyho.com\/#local-main-organization-logo","url":"https:\/\/gulyaskunyho.com\/wp-content\/uploads\/2025\/08\/logo_nobg.png","contentUrl":"https:\/\/gulyaskunyho.com\/wp-content\/uploads\/2025\/08\/logo_nobg.png","width":472,"height":469,"caption":"Guly\u00e1s Kunyh\u00f3"}]}},"_links":{"self":[{"href":"https:\/\/gulyaskunyho.com\/en\/wp-json\/wp\/v2\/pages\/14","targetHints":{"allow":["GET"]}}],"collection":[{"href":"https:\/\/gulyaskunyho.com\/en\/wp-json\/wp\/v2\/pages"}],"about":[{"href":"https:\/\/gulyaskunyho.com\/en\/wp-json\/wp\/v2\/types\/page"}],"author":[{"embeddable":true,"href":"https:\/\/gulyaskunyho.com\/en\/wp-json\/wp\/v2\/users\/3"}],"replies":[{"embeddable":true,"href":"https:\/\/gulyaskunyho.com\/en\/wp-json\/wp\/v2\/comments?post=14"}],"version-history":[{"count":62,"href":"https:\/\/gulyaskunyho.com\/en\/wp-json\/wp\/v2\/pages\/14\/revisions"}],"predecessor-version":[{"id":260,"href":"https:\/\/gulyaskunyho.com\/en\/wp-json\/wp\/v2\/pages\/14\/revisions\/260"}],"wp:attachment":[{"href":"https:\/\/gulyaskunyho.com\/en\/wp-json\/wp\/v2\/media?parent=14"}],"curies":[{"name":"wp","href":"https:\/\/api.w.org\/{rel}","templated":true}]}}