{"id":17,"date":"2025-08-17T13:15:50","date_gmt":"2025-08-17T13:15:50","guid":{"rendered":"http:\/\/www.gulyaskunyho.local\/?page_id=17"},"modified":"2025-08-19T17:57:12","modified_gmt":"2025-08-19T17:57:12","slug":"sitemap","status":"publish","type":"page","link":"https:\/\/gulyaskunyho.com\/de\/etlap\/","title":{"rendered":"Men\u00fc"},"content":{"rendered":"\t\t<div data-elementor-type=\"wp-page\" data-elementor-id=\"17\" class=\"elementor elementor-17\" data-elementor-post-type=\"page\">\n\t\t\t\t<div class=\"elementor-element elementor-element-0619e10 e-flex e-con-boxed e-con e-parent\" data-id=\"0619e10\" data-element_type=\"container\" data-e-type=\"container\" data-settings=\"{&quot;background_background&quot;:&quot;classic&quot;}\">\n\t\t\t\t\t<div class=\"e-con-inner\">\n\t\t\t\t<div class=\"elementor-element elementor-element-d199d20 elementor-widget elementor-widget-shortcode\" data-id=\"d199d20\" data-element_type=\"widget\" data-e-type=\"widget\" data-widget_type=\"shortcode.default\">\n\t\t\t\t\t\t\t<div class=\"elementor-shortcode\"><div class=\"_df_book df-lite\" id=\"df_197\"  _slug=\"menu\" data-title=\"menu\" wpoptions=\"true\" thumb=\"https:\/\/gulyaskunyho.com\/wp-content\/uploads\/2025\/08\/menu.png\" thumbtype=\"\" ><\/div><script class=\"df-shortcode-script\" nowprocket type=\"application\/javascript\">window.option_df_197 = {\"webgl\":\"true\",\"outline\":[],\"viewerType\":\"flipbook\",\"autoEnableOutline\":\"false\",\"autoEnableThumbnail\":\"false\",\"overwritePDFOutline\":\"false\",\"direction\":\"1\",\"pageSize\":\"0\",\"source\":[\"https:\\\/\\\/gulyaskunyho.com\\\/wp-content\\\/uploads\\\/2025\\\/08\\\/menu.png\",\"https:\\\/\\\/gulyaskunyho.com\\\/wp-content\\\/uploads\\\/2025\\\/08\\\/1.jpg\",\"https:\\\/\\\/gulyaskunyho.com\\\/wp-content\\\/uploads\\\/2025\\\/08\\\/2.jpg\",\"https:\\\/\\\/gulyaskunyho.com\\\/wp-content\\\/uploads\\\/2025\\\/08\\\/3.jpg\",\"https:\\\/\\\/gulyaskunyho.com\\\/wp-content\\\/uploads\\\/2025\\\/08\\\/4.jpg\",\"https:\\\/\\\/gulyaskunyho.com\\\/wp-content\\\/uploads\\\/2025\\\/08\\\/5.jpg\",\"https:\\\/\\\/gulyaskunyho.com\\\/wp-content\\\/uploads\\\/2025\\\/08\\\/6.jpg\",\"https:\\\/\\\/gulyaskunyho.com\\\/wp-content\\\/uploads\\\/2025\\\/08\\\/7.jpg\",\"https:\\\/\\\/gulyaskunyho.com\\\/wp-content\\\/uploads\\\/2025\\\/08\\\/8.jpg\",\"https:\\\/\\\/gulyaskunyho.com\\\/wp-content\\\/uploads\\\/2025\\\/08\\\/9.jpg\",\"https:\\\/\\\/gulyaskunyho.com\\\/wp-content\\\/uploads\\\/2025\\\/08\\\/10.jpg\",\"https:\\\/\\\/gulyaskunyho.com\\\/wp-content\\\/uploads\\\/2025\\\/08\\\/12.jpg\",\"https:\\\/\\\/gulyaskunyho.com\\\/wp-content\\\/uploads\\\/2025\\\/08\\\/13.jpg\",\"https:\\\/\\\/gulyaskunyho.com\\\/wp-content\\\/uploads\\\/2025\\\/08\\\/14.jpg\"],\"wpOptions\":\"true\",\"links\":[[],[],[],[],[],[],[],[],[],[],[],[],[],[],[]]}; if(window.DFLIP && window.DFLIP.parseBooks){window.DFLIP.parseBooks();}<\/script><\/div>\n\t\t\t\t\t\t<\/div>\n\t\t\t\t\t<\/div>\n\t\t\t\t<\/div>\n\t\t\t\t<\/div>\n\t\t","protected":false},"excerpt":{"rendered":"","protected":false},"author":3,"featured_media":0,"parent":0,"menu_order":0,"comment_status":"closed","ping_status":"closed","template":"","meta":{"footnotes":""},"class_list":["post-17","page","type-page","status-publish","hentry"],"yoast_head":"<!-- This site is optimized with the Yoast SEO Premium plugin v27.3 (Yoast SEO v27.3) - https:\/\/yoast.com\/product\/yoast-seo-premium-wordpress\/ -->\n<title>Men\u00fc - Guly\u00e1s Kunyh\u00f3<\/title>\n<meta name=\"robots\" content=\"index, follow, max-snippet:-1, max-image-preview:large, max-video-preview:-1\" \/>\n<link rel=\"canonical\" href=\"https:\/\/gulyaskunyho.com\/de\/sitemap\/\" \/>\n<meta property=\"og:locale\" content=\"de_DE\" \/>\n<meta property=\"og:type\" content=\"article\" \/>\n<meta property=\"og:title\" content=\"Men\u00fc\" \/>\n<meta property=\"og:url\" content=\"https:\/\/gulyaskunyho.com\/de\/sitemap\/\" \/>\n<meta property=\"og:site_name\" content=\"Guly\u00e1s Kunyh\u00f3\" \/>\n<meta property=\"article:publisher\" content=\"https:\/\/www.facebook.com\/gulyaskunyho\" \/>\n<meta property=\"article:modified_time\" content=\"2025-08-19T17:57:12+00:00\" \/>\n<meta name=\"twitter:card\" content=\"summary_large_image\" \/>\n<script type=\"application\/ld+json\" class=\"yoast-schema-graph\">{\"@context\":\"https:\\\/\\\/schema.org\",\"@graph\":[{\"@type\":\"WebPage\",\"@id\":\"https:\\\/\\\/gulyaskunyho.com\\\/etlap\\\/\",\"url\":\"https:\\\/\\\/gulyaskunyho.com\\\/etlap\\\/\",\"name\":\"Men\u00fc - Guly\u00e1s Kunyh\u00f3\",\"isPartOf\":{\"@id\":\"https:\\\/\\\/gulyaskunyho.com\\\/#website\"},\"datePublished\":\"2025-08-17T13:15:50+00:00\",\"dateModified\":\"2025-08-19T17:57:12+00:00\",\"breadcrumb\":{\"@id\":\"https:\\\/\\\/gulyaskunyho.com\\\/etlap\\\/#breadcrumb\"},\"inLanguage\":\"de\",\"potentialAction\":[{\"@type\":\"ReadAction\",\"target\":[\"https:\\\/\\\/gulyaskunyho.com\\\/etlap\\\/\"]}]},{\"@type\":\"BreadcrumbList\",\"@id\":\"https:\\\/\\\/gulyaskunyho.com\\\/etlap\\\/#breadcrumb\",\"itemListElement\":[{\"@type\":\"ListItem\",\"position\":1,\"name\":\"Kezd\u0151lap\",\"item\":\"https:\\\/\\\/gulyaskunyho.com\\\/\"},{\"@type\":\"ListItem\",\"position\":2,\"name\":\"Men\u00fc\"}]},{\"@type\":\"WebSite\",\"@id\":\"https:\\\/\\\/gulyaskunyho.com\\\/#website\",\"url\":\"https:\\\/\\\/gulyaskunyho.com\\\/\",\"name\":\"Guly\u00e1s Kunyh\u00f3\",\"description\":\"\",\"publisher\":{\"@id\":\"https:\\\/\\\/gulyaskunyho.com\\\/#organization\"},\"potentialAction\":[{\"@type\":\"SearchAction\",\"target\":{\"@type\":\"EntryPoint\",\"urlTemplate\":\"https:\\\/\\\/gulyaskunyho.com\\\/?s={search_term_string}\"},\"query-input\":{\"@type\":\"PropertyValueSpecification\",\"valueRequired\":true,\"valueName\":\"search_term_string\"}}],\"inLanguage\":\"de\"},{\"@type\":[\"Organization\",\"Place\"],\"@id\":\"https:\\\/\\\/gulyaskunyho.com\\\/#organization\",\"name\":\"Guly\u00e1s Kunyh\u00f3\",\"url\":\"https:\\\/\\\/gulyaskunyho.com\\\/\",\"logo\":{\"@id\":\"https:\\\/\\\/gulyaskunyho.com\\\/etlap\\\/#local-main-organization-logo\"},\"image\":{\"@id\":\"https:\\\/\\\/gulyaskunyho.com\\\/etlap\\\/#local-main-organization-logo\"},\"sameAs\":[\"https:\\\/\\\/www.facebook.com\\\/gulyaskunyho\"],\"telephone\":[],\"openingHoursSpecification\":[{\"@type\":\"OpeningHoursSpecification\",\"dayOfWeek\":[\"Monday\",\"Tuesday\",\"Wednesday\",\"Thursday\",\"Friday\",\"Saturday\",\"Sunday\"],\"opens\":\"09:00\",\"closes\":\"17:00\"}]},{\"@type\":\"ImageObject\",\"inLanguage\":\"de\",\"@id\":\"https:\\\/\\\/gulyaskunyho.com\\\/etlap\\\/#local-main-organization-logo\",\"url\":\"https:\\\/\\\/gulyaskunyho.com\\\/wp-content\\\/uploads\\\/2025\\\/08\\\/logo_nobg.png\",\"contentUrl\":\"https:\\\/\\\/gulyaskunyho.com\\\/wp-content\\\/uploads\\\/2025\\\/08\\\/logo_nobg.png\",\"width\":472,\"height\":469,\"caption\":\"Guly\u00e1s Kunyh\u00f3\"}]}<\/script>\n<!-- \/ Yoast SEO Premium plugin. -->","yoast_head_json":{"title":"Speisekarte - Gulaschkanone","robots":{"index":"index","follow":"follow","max-snippet":"max-snippet:-1","max-image-preview":"max-image-preview:large","max-video-preview":"max-video-preview:-1"},"canonical":"https:\/\/gulyaskunyho.com\/de\/sitemap\/","og_locale":"de_DE","og_type":"article","og_title":"Men\u00fc","og_url":"https:\/\/gulyaskunyho.com\/de\/sitemap\/","og_site_name":"Guly\u00e1s Kunyh\u00f3","article_publisher":"https:\/\/www.facebook.com\/gulyaskunyho","article_modified_time":"2025-08-19T17:57:12+00:00","twitter_card":"summary_large_image","schema":{"@context":"https:\/\/schema.org","@graph":[{"@type":"WebPage","@id":"https:\/\/gulyaskunyho.com\/etlap\/","url":"https:\/\/gulyaskunyho.com\/etlap\/","name":"Speisekarte - Gulaschkanone","isPartOf":{"@id":"https:\/\/gulyaskunyho.com\/#website"},"datePublished":"2025-08-17T13:15:50+00:00","dateModified":"2025-08-19T17:57:12+00:00","breadcrumb":{"@id":"https:\/\/gulyaskunyho.com\/etlap\/#breadcrumb"},"inLanguage":"de","potentialAction":[{"@type":"ReadAction","target":["https:\/\/gulyaskunyho.com\/etlap\/"]}]},{"@type":"BreadcrumbList","@id":"https:\/\/gulyaskunyho.com\/etlap\/#breadcrumb","itemListElement":[{"@type":"ListItem","position":1,"name":"Kezd\u0151lap","item":"https:\/\/gulyaskunyho.com\/"},{"@type":"ListItem","position":2,"name":"Men\u00fc"}]},{"@type":"WebSite","@id":"https:\/\/gulyaskunyho.com\/#website","url":"https:\/\/gulyaskunyho.com\/","name":"Guly\u00e1s-H\u00fctte","description":"","publisher":{"@id":"https:\/\/gulyaskunyho.com\/#organization"},"potentialAction":[{"@type":"SearchAction","target":{"@type":"EntryPoint","urlTemplate":"https:\/\/gulyaskunyho.com\/?s={search_term_string}"},"query-input":{"@type":"PropertyValueSpecification","valueRequired":true,"valueName":"search_term_string"}}],"inLanguage":"de"},{"@type":["Organization","Place"],"@id":"https:\/\/gulyaskunyho.com\/#organization","name":"Guly\u00e1s-H\u00fctte","url":"https:\/\/gulyaskunyho.com\/","logo":{"@id":"https:\/\/gulyaskunyho.com\/etlap\/#local-main-organization-logo"},"image":{"@id":"https:\/\/gulyaskunyho.com\/etlap\/#local-main-organization-logo"},"sameAs":["https:\/\/www.facebook.com\/gulyaskunyho"],"telephone":[],"openingHoursSpecification":[{"@type":"OpeningHoursSpecification","dayOfWeek":["Monday","Tuesday","Wednesday","Thursday","Friday","Saturday","Sunday"],"opens":"09:00","closes":"17:00"}]},{"@type":"ImageObject","inLanguage":"de","@id":"https:\/\/gulyaskunyho.com\/etlap\/#local-main-organization-logo","url":"https:\/\/gulyaskunyho.com\/wp-content\/uploads\/2025\/08\/logo_nobg.png","contentUrl":"https:\/\/gulyaskunyho.com\/wp-content\/uploads\/2025\/08\/logo_nobg.png","width":472,"height":469,"caption":"Guly\u00e1s Kunyh\u00f3"}]}},"_links":{"self":[{"href":"https:\/\/gulyaskunyho.com\/de\/wp-json\/wp\/v2\/pages\/17","targetHints":{"allow":["GET"]}}],"collection":[{"href":"https:\/\/gulyaskunyho.com\/de\/wp-json\/wp\/v2\/pages"}],"about":[{"href":"https:\/\/gulyaskunyho.com\/de\/wp-json\/wp\/v2\/types\/page"}],"author":[{"embeddable":true,"href":"https:\/\/gulyaskunyho.com\/de\/wp-json\/wp\/v2\/users\/3"}],"replies":[{"embeddable":true,"href":"https:\/\/gulyaskunyho.com\/de\/wp-json\/wp\/v2\/comments?post=17"}],"version-history":[{"count":7,"href":"https:\/\/gulyaskunyho.com\/de\/wp-json\/wp\/v2\/pages\/17\/revisions"}],"predecessor-version":[{"id":221,"href":"https:\/\/gulyaskunyho.com\/de\/wp-json\/wp\/v2\/pages\/17\/revisions\/221"}],"wp:attachment":[{"href":"https:\/\/gulyaskunyho.com\/de\/wp-json\/wp\/v2\/media?parent=17"}],"curies":[{"name":"wp","href":"https:\/\/api.w.org\/{rel}","templated":true}]}}